{"id":518,"date":"2020-11-19T17:04:48","date_gmt":"2020-11-19T17:04:48","guid":{"rendered":"https:\/\/isolacres.com.br\/?page_id=518"},"modified":"2021-09-27T23:01:47","modified_gmt":"2021-09-27T23:01:47","slug":"todososprodutos","status":"publish","type":"page","link":"https:\/\/isolacres.com.br\/?page_id=518","title":{"rendered":"Todos os produtos"},"content":{"rendered":"\n<h2 class=\"wp-block-heading\"><strong>LACRE PL\u00c1STICO <\/strong><\/h2>\n\n\n\n<figure class=\"wp-block-table is-style-stripes\"><table class=\"has-subtle-light-gray-background-color has-background\"><tbody><tr><td><img loading=\"lazy\" decoding=\"async\" src=\"https:\/\/lh6.googleusercontent.com\/-3ttmkwBvaakqXdCyvZ7XJUZOAAE2wKPP4c9v6AuwZzTjJkrsDrFgX_zTWP4AcqLFS1BskMpifzTseF07MnvI1RVM3oSaaOdpPPi4_FPgdTibL2mD6YFE3luILQZK0qwWFvijoeF\" width=\"199\" height=\"149\"><strong><\/strong><\/td><td><img loading=\"lazy\" decoding=\"async\" src=\"https:\/\/lh6.googleusercontent.com\/2pNNXmjcrk89zWr5sUbMQJaMNmpCXnpbme5OZ8AG1H6udvCq2CtNzjTsCDy55xw7qOKz5r2hbuKr-Y9FdY-dRcVbx5lUCyXg2CoAPOzOF8mzsCwDy9iDHyXTJGqSsuIUvfV64i_p\" width=\"199\" height=\"149\"><strong><\/strong><\/td><td><img loading=\"lazy\" decoding=\"async\" src=\"https:\/\/lh5.googleusercontent.com\/8VHkAeC1-_KkUZFqldsPDoVmCNXlNZ8g0-daRiKq9dHv-TKDqrjRoc8BHiqJrqW_FUQPImOCu2iJIOy9bcN2TtuBnr6KUAQY0vBN9LHPWl5LoXsIKZIfmQC2RIp8ALnekO1zhIP_\" width=\"199\" height=\"149\"><strong><\/strong><\/td><\/tr><tr><td><strong>MODELO ILQ&nbsp;<\/strong><br>Aplica\u00e7\u00f5es: malotes, correspond\u00eancias, caminh\u00f5es, etc.<br>Comprimento: 16 e 23 cm.<br>Cores: diversas<\/td><td><strong>MODELO ILDF (ESCADINHA COM DESCARTE F\u00c1CIL)<\/strong><br>Aplica\u00e7\u00f5es:  Malotes, correspond\u00eancias, caminh\u00f5es, etc.<br>Destaca-se pela facilidade do uso do lacre, n\u00e3o necessitando de objeto cortante para romp\u00ea-lo.<br>Comprimento: 23 &#8211; 30 cm.<br>Cores: diversas<\/td><td><strong>MODELO ILEP (ESP. DE PEIXE) <\/strong><br>Aplica\u00e7\u00f5es: malotes, caminh\u00f5es,  correspond\u00eancias,  etc.<br>Comprimento: 16 &#8211; 24 cm<br>Cores: diversas<\/td><\/tr><tr><td><img loading=\"lazy\" decoding=\"async\" src=\"https:\/\/lh5.googleusercontent.com\/ZEpwbkvlrTKUDaXvv0A9CrPjQgxsfui8bf-pIgceb8Evxs9Uc3bpDpcM29zx50TkA1I8JnPase8eBpukCbk81hX0GopVooBy7bACtLkUnpms72Z-833Q_4n3Ak406OPUomvPQSwU\" width=\"199\" height=\"132\"><strong><\/strong><\/td><td><img loading=\"lazy\" decoding=\"async\" src=\"https:\/\/lh4.googleusercontent.com\/3qqvYYtppaDAaxFuwXfh_vFtOO3SayhPAJsxboDpVYf_I-6DLVk1IYtQDoA_LA1mpoPf66B_mGZiSrRBKaIP0eHOlALQ8UqF9h2NKO9q7V8kC1I6JoTBw1V2hFK3hQ-Dg8ciCo0S\" width=\"199\" height=\"132\"><strong><\/strong><\/td><td><img loading=\"lazy\" decoding=\"async\" width=\"150\" height=\"112\" class=\"wp-image-641\" style=\"width: 150px;\" src=\"https:\/\/isolacres.com.br\/wp-content\/uploads\/2020\/12\/IL-7-fio-propio-1.jpg\" alt=\"\"><\/td><\/tr><tr><td><strong>MODELO IL 6 (COM ARAME) <\/strong><br>Aplica\u00e7\u00f5es: malotes, correspond\u00eancias, caminh\u00f5es, <br>hidr\u00f4metro, balan\u00e7as, usinagem e concreto, postos de combust\u00edveis, etc.<br>Cores: diversas<\/td><td><strong>MODELO IL 6 ( FITA MET\u00c1LICA) <\/strong><br>Aplica\u00e7\u00f5es: malotes, correspond\u00eancias,<br>caminh\u00f5es, hidr\u00f4metro, balan\u00e7as, <br>usinagem e concreto, postos de combust\u00edveis, etc.<br>Cores: diversas<\/td><td><strong>MODELO IL 7 ( FIO PR\u00d3PRIO)<\/strong><br>Aplica\u00e7\u00f5es: malotes, correspond\u00eancias, caminh\u00f5es, etc.<br>Cores: diversas<\/td><\/tr><\/tbody><\/table><\/figure>\n\n\n\n<figure class=\"wp-block-table is-style-stripes\"><table class=\"has-subtle-light-gray-background-color has-background\"><tbody><tr><td><img loading=\"lazy\" decoding=\"async\" width=\"150\" height=\"150\" class=\"wp-image-617\" style=\"width: 150px;\" src=\"https:\/\/isolacres.com.br\/wp-content\/uploads\/2020\/12\/ILDF-37-37-cm-1.jpg\" alt=\"\" srcset=\"https:\/\/isolacres.com.br\/wp-content\/uploads\/2020\/12\/ILDF-37-37-cm-1.jpg 320w, https:\/\/isolacres.com.br\/wp-content\/uploads\/2020\/12\/ILDF-37-37-cm-1-300x300.jpg 300w, https:\/\/isolacres.com.br\/wp-content\/uploads\/2020\/12\/ILDF-37-37-cm-1-150x150.jpg 150w\" sizes=\"auto, (max-width: 150px) 100vw, 150px\" \/><\/td><td><img loading=\"lazy\" decoding=\"async\" width=\"150\" height=\"150\" class=\"wp-image-621\" style=\"width: 150px;\" src=\"https:\/\/isolacres.com.br\/wp-content\/uploads\/2020\/12\/Sacola.jpg\" alt=\"\" srcset=\"https:\/\/isolacres.com.br\/wp-content\/uploads\/2020\/12\/Sacola.jpg 196w, https:\/\/isolacres.com.br\/wp-content\/uploads\/2020\/12\/Sacola-150x150.jpg 150w\" sizes=\"auto, (max-width: 150px) 100vw, 150px\" \/><\/td><td>&nbsp;<\/td><\/tr><tr><td><strong>MODELO ILDF 37 (ESCADINHA COM DESCARTE F\u00c1CIL) <\/strong><br>Aplica\u00e7\u00f5es: Aplica\u00e7\u00f5es: malotes, correspond\u00eancias, caminh\u00f5es, etc. Destaca-se pela facilidade do uso do lacre, n\u00e3o necessitando de objeto cortante para romp\u00ea-lo. <br>Comprimento: 37 cm.<br>Cores: diversas<\/td><td><strong>FECHAMENTO DE SACOLA<\/strong><br>Lacre fechamento de sacolas: lacre de seguran\u00e7a para fechamento de sacolas, injetado em Polipropileno, com r\u00e1pida fixa\u00e7\u00e3o sem ferramentas. <br>Aplica\u00e7\u00f5es: sacolas, sacos de lixos, sacos pl\u00e1sticos em geral e embalagens.<\/td><td>&nbsp;<\/td><\/tr><\/tbody><\/table><\/figure>\n\n\n\n<h2 class=\"wp-block-heading\"><strong>LACRE MET\u00c1LICO<\/strong><\/h2>\n\n\n\n<figure class=\"wp-block-table is-style-stripes\"><table class=\"has-subtle-light-gray-background-color has-background\"><tbody><tr><td><img loading=\"lazy\" decoding=\"async\" src=\"https:\/\/lh6.googleusercontent.com\/UcgidiVX-SaJIw4wBZ4tgnzPBaOamvTTzhHejR5yDhIuEca4im7htouOIPsd-31uA8tCDC_d_bAFM_5BioPSPfeGvf4to9bzpeVctdqHti8o_U5PXGUkeL_FuhYQ1KmV-TBF5aJc\" width=\"199\" height=\"129\"><strong><\/strong><\/td><td>&nbsp;<img loading=\"lazy\" decoding=\"async\" width=\"150\" height=\"150\" class=\"wp-image-637\" style=\"width: 150px;\" src=\"https:\/\/isolacres.com.br\/wp-content\/uploads\/2020\/12\/Lacre-cadeado-metalico-e1607514934268.jpg\" alt=\"\"><\/td><td><img loading=\"lazy\" decoding=\"async\" width=\"150\" height=\"150\" class=\"wp-image-511\" style=\"width: 150px;\" src=\"https:\/\/isolacres.com.br\/wp-content\/uploads\/2020\/11\/Pino-bucha-1-e1606995259143.jpg\" alt=\"\"><\/td><\/tr><tr><td><strong>MODELO IL 101 (MANIVELA T e L) <\/strong><br>Lacre Met\u00e1lico, fabricado em zamak ou a\u00e7o. <br>O comprimento \u00e9 fornecido conforme necessidade do cliente. <br>Podendo ser fornecido tamb\u00e9m com cabo em nylon. <br>Aplica\u00e7\u00f5es: Container, Carreta ba\u00fa, Caminh\u00f5es em geral, etc.<br>Cores: diversas<\/td><td><strong>MODELO IL 104 (CADEADO\/CAIXA AJUST\u00c1VEL) <\/strong><br>Met\u00e1lico e blindado. Cabo cordoalha de a\u00e7o comprimento conforme necessidade do cliente.&nbsp;&nbsp;<br>Aplica\u00e7\u00f5es: Container, Carreta ba\u00fa, Carreta frigor\u00edfica, Caminh\u00f5es, etc.<br>Cores: diversas<\/td><td><strong>PINO E BUCHA <\/strong><br>Os lacres Pino e Bucha.&nbsp;<br>Aplica\u00e7\u00f5es: container e caminh\u00f5es.<br>Cores: diversas<\/td><\/tr><\/tbody><\/table><\/figure>\n\n\n\n<h2 class=\"wp-block-heading\"><strong>LACRE POLICARBONATO<\/strong><\/h2>\n\n\n\n<figure class=\"wp-block-table is-style-stripes\"><table class=\"has-subtle-light-gray-background-color has-background\"><tbody><tr><td><img loading=\"lazy\" decoding=\"async\" src=\"https:\/\/lh3.googleusercontent.com\/WJqDJPSsvCwbOzXE9QDtt9gEi2B8DtmGIoZiUjODl2hZqpByXy5l_dkkmIv_kZTY9uGBwi1qLpJKNfbzYqt3JZwPS6Am1XE3OD_xFudM1IZzdNVxS1DaX-yOEF18aYE2v7GJjje2\" width=\"199\" height=\"149\"><strong><\/strong><\/td><td>&nbsp;<\/td><td>&nbsp;<\/td><\/tr><tr><td><strong>MODELO IL 6 PL (\u00c2NCORA POLICARBONATO)<\/strong><br>Pode ser usado com fita met\u00e1lica ou arame. Tamanho de acordo com a necessidade. <br>Aplica\u00e7\u00f5es: Malotes, correspond\u00eancias, caminh\u00f5es, hidr\u00f4metro, balan\u00e7as, pain\u00e9is em geral, empresa de usinagem e concreto, postos de combust\u00edveis, etc. <br>Cores: diversas<\/td><td>&nbsp;<\/td><td>&nbsp;<\/td><\/tr><\/tbody><\/table><\/figure>\n\n\n\n<h2 class=\"wp-block-heading\"><strong>ABRA\u00c7ADEIRA<\/strong><\/h2>\n\n\n\n<figure class=\"wp-block-table is-style-stripes\"><table class=\"has-subtle-light-gray-background-color has-background\"><tbody><tr><td><img loading=\"lazy\" decoding=\"async\" width=\"150\" height=\"150\" class=\"wp-image-587\" style=\"width: 150px;\" src=\"https:\/\/isolacres.com.br\/wp-content\/uploads\/2020\/12\/abracadeira-e1606995956852.jpg\" alt=\"\"><\/td><td>&nbsp;<img loading=\"lazy\" decoding=\"async\" width=\"150\" height=\"133\" class=\"wp-image-416\" style=\"width: 150px;\" src=\"https:\/\/isolacres.com.br\/wp-content\/uploads\/2020\/10\/Fita-arqueada-1-e1606995626811.png\" alt=\"\"><\/td><td>&nbsp;<\/td><\/tr><tr><td><strong>ABRA\u00c7ADEIRA NYLON OU ENFORCA GATO<\/strong><br>Aplica\u00e7\u00f5es: amarra\u00e7\u00e3o em geral, cabos fios, uni\u00e3o de<br>pe\u00e7as, fechamento de sacos, etc.<br>Comprimento: variado<br>Cores: branca e preta<\/td><td><strong>FITA DE ARQUEADA<\/strong><br>Phoenix<br>transparente 10mm X 0,65mm X 2200m<\/td><td>&nbsp;<\/td><\/tr><\/tbody><\/table><\/figure>\n","protected":false},"excerpt":{"rendered":"<p>LACRE PL\u00c1STICO MODELO ILQ&nbsp;Aplica\u00e7\u00f5es: malotes, correspond\u00eancias, caminh\u00f5es, etc.Comprimento: 16 e 23 cm.Cores: diversas MODELO ILDF (ESCADINHA COM DESCARTE F\u00c1CIL)Aplica\u00e7\u00f5es: Malotes, correspond\u00eancias, caminh\u00f5es, etc.Destaca-se pela facilidade do uso do lacre, n\u00e3o necessitando de objeto cortante para romp\u00ea-lo.Comprimento: 23 &#8211; 30 cm.Cores: diversas MODELO ILEP (ESP. DE PEIXE) Aplica\u00e7\u00f5es: malotes, caminh\u00f5es, correspond\u00eancias, etc.Comprimento: 16 &#8211; 24 cmCores:&hellip; <br \/> <a class=\"read-more\" href=\"https:\/\/isolacres.com.br\/?page_id=518\">Leia mais<\/a><\/p>\n","protected":false},"author":1,"featured_media":393,"parent":0,"menu_order":0,"comment_status":"closed","ping_status":"closed","template":"","meta":{"footnotes":""},"class_list":["post-518","page","type-page","status-publish","has-post-thumbnail","hentry"],"_links":{"self":[{"href":"https:\/\/isolacres.com.br\/index.php?rest_route=\/wp\/v2\/pages\/518","targetHints":{"allow":["GET"]}}],"collection":[{"href":"https:\/\/isolacres.com.br\/index.php?rest_route=\/wp\/v2\/pages"}],"about":[{"href":"https:\/\/isolacres.com.br\/index.php?rest_route=\/wp\/v2\/types\/page"}],"author":[{"embeddable":true,"href":"https:\/\/isolacres.com.br\/index.php?rest_route=\/wp\/v2\/users\/1"}],"replies":[{"embeddable":true,"href":"https:\/\/isolacres.com.br\/index.php?rest_route=%2Fwp%2Fv2%2Fcomments&post=518"}],"version-history":[{"count":63,"href":"https:\/\/isolacres.com.br\/index.php?rest_route=\/wp\/v2\/pages\/518\/revisions"}],"predecessor-version":[{"id":662,"href":"https:\/\/isolacres.com.br\/index.php?rest_route=\/wp\/v2\/pages\/518\/revisions\/662"}],"wp:featuredmedia":[{"embeddable":true,"href":"https:\/\/isolacres.com.br\/index.php?rest_route=\/wp\/v2\/media\/393"}],"wp:attachment":[{"href":"https:\/\/isolacres.com.br\/index.php?rest_route=%2Fwp%2Fv2%2Fmedia&parent=518"}],"curies":[{"name":"wp","href":"https:\/\/api.w.org\/{rel}","templated":true}]}}